{"id":3743,"date":"2019-11-08T00:20:21","date_gmt":"2019-11-07T23:20:21","guid":{"rendered":"http:\/\/www.reneduerr.ch\/?page_id=3743"},"modified":"2026-03-26T16:01:20","modified_gmt":"2026-03-26T15:01:20","slug":"drohnenaufnahmen","status":"publish","type":"page","link":"https:\/\/www.reneduerr.ch\/index.php\/drohnenaufnahmen\/","title":{"rendered":"Drohnenaufnahmen"},"content":{"rendered":"","protected":false},"excerpt":{"rendered":"","protected":false},"author":3,"featured_media":0,"parent":0,"menu_order":4,"comment_status":"closed","ping_status":"closed","template":"page-fullscreen-slider.php","meta":{"om_disable_all_campaigns":false,"_monsterinsights_skip_tracking":false,"_monsterinsights_sitenote_active":false,"_monsterinsights_sitenote_note":"","_monsterinsights_sitenote_category":0,"footnotes":""},"class_list":["post-3743","page","type-page","status-publish","hentry"],"aioseo_notices":[],"yoast_head":"<!-- This site is optimized with the Yoast SEO plugin v26.9 - https:\/\/yoast.com\/product\/yoast-seo-wordpress\/ -->\n<title>Drohnenaufnahmen - Ren\u00e9 D\u00fcrr Architekturfotografie Z\u00fcrich<\/title>\n<meta name=\"description\" content=\"Erhalten Sie beeindruckende Drohnenaufnahmen. Wir bieten hochwertige Luftbilder und -videos f\u00fcr verschiedene Anwendungen.\" \/>\n<meta name=\"robots\" content=\"index, follow, max-snippet:-1, max-image-preview:large, max-video-preview:-1\" \/>\n<link rel=\"canonical\" href=\"https:\/\/www.reneduerr.ch\/index.php\/drohnenaufnahmen\/\" \/>\n<meta property=\"og:locale\" content=\"de_DE\" \/>\n<meta property=\"og:type\" content=\"article\" \/>\n<meta property=\"og:title\" content=\"Drohnenaufnahmen - Ren\u00e9 D\u00fcrr Architekturfotografie Z\u00fcrich\" \/>\n<meta property=\"og:description\" content=\"Erhalten Sie beeindruckende Drohnenaufnahmen. Wir bieten hochwertige Luftbilder und -videos f\u00fcr verschiedene Anwendungen.\" \/>\n<meta property=\"og:url\" content=\"https:\/\/www.reneduerr.ch\/index.php\/drohnenaufnahmen\/\" \/>\n<meta property=\"og:site_name\" content=\"Ren\u00e9 D\u00fcrr Architekturfotografie Z\u00fcrich\" \/>\n<meta property=\"article:modified_time\" content=\"2026-03-26T15:01:20+00:00\" \/>\n<meta name=\"twitter:card\" content=\"summary_large_image\" \/>\n<script type=\"application\/ld+json\" class=\"yoast-schema-graph\">{\"@context\":\"https:\/\/schema.org\",\"@graph\":[{\"@type\":\"WebPage\",\"@id\":\"https:\/\/www.reneduerr.ch\/index.php\/drohnenaufnahmen\/\",\"url\":\"https:\/\/www.reneduerr.ch\/index.php\/drohnenaufnahmen\/\",\"name\":\"Drohnenaufnahmen - Ren\u00e9 D\u00fcrr Architekturfotografie Z\u00fcrich\",\"isPartOf\":{\"@id\":\"https:\/\/www.reneduerr.ch\/#website\"},\"datePublished\":\"2019-11-07T23:20:21+00:00\",\"dateModified\":\"2026-03-26T15:01:20+00:00\",\"description\":\"Erhalten Sie beeindruckende Drohnenaufnahmen. Wir bieten hochwertige Luftbilder und -videos f\u00fcr verschiedene Anwendungen.\",\"breadcrumb\":{\"@id\":\"https:\/\/www.reneduerr.ch\/index.php\/drohnenaufnahmen\/#breadcrumb\"},\"inLanguage\":\"de\",\"potentialAction\":[{\"@type\":\"ReadAction\",\"target\":[\"https:\/\/www.reneduerr.ch\/index.php\/drohnenaufnahmen\/\"]}]},{\"@type\":\"BreadcrumbList\",\"@id\":\"https:\/\/www.reneduerr.ch\/index.php\/drohnenaufnahmen\/#breadcrumb\",\"itemListElement\":[{\"@type\":\"ListItem\",\"position\":1,\"name\":\"Home\",\"item\":\"https:\/\/www.reneduerr.ch\/\"},{\"@type\":\"ListItem\",\"position\":2,\"name\":\"Drohnenaufnahmen\"}]},{\"@type\":\"WebSite\",\"@id\":\"https:\/\/www.reneduerr.ch\/#website\",\"url\":\"https:\/\/www.reneduerr.ch\/\",\"name\":\"Ren\u00e9 D\u00fcrr Architekturfotografie Z\u00fcrich\",\"description\":\"\",\"publisher\":{\"@id\":\"https:\/\/www.reneduerr.ch\/#\/schema\/person\/e970ba412186da947f0820389e4deb11\"},\"potentialAction\":[{\"@type\":\"SearchAction\",\"target\":{\"@type\":\"EntryPoint\",\"urlTemplate\":\"https:\/\/www.reneduerr.ch\/?s={search_term_string}\"},\"query-input\":{\"@type\":\"PropertyValueSpecification\",\"valueRequired\":true,\"valueName\":\"search_term_string\"}}],\"inLanguage\":\"de\"},{\"@type\":[\"Person\",\"Organization\"],\"@id\":\"https:\/\/www.reneduerr.ch\/#\/schema\/person\/e970ba412186da947f0820389e4deb11\",\"name\":\"rene\",\"image\":{\"@type\":\"ImageObject\",\"inLanguage\":\"de\",\"@id\":\"https:\/\/www.reneduerr.ch\/#\/schema\/person\/image\/\",\"url\":\"https:\/\/www.reneduerr.ch\/wp-content\/uploads\/2023\/03\/Duerr-Logo.png\",\"contentUrl\":\"https:\/\/www.reneduerr.ch\/wp-content\/uploads\/2023\/03\/Duerr-Logo.png\",\"width\":119,\"height\":105,\"caption\":\"rene\"},\"logo\":{\"@id\":\"https:\/\/www.reneduerr.ch\/#\/schema\/person\/image\/\"}}]}<\/script>\n<!-- \/ Yoast SEO plugin. -->","yoast_head_json":{"title":"Drohnenaufnahmen - Ren\u00e9 D\u00fcrr Architekturfotografie Z\u00fcrich","description":"Erhalten Sie beeindruckende Drohnenaufnahmen. Wir bieten hochwertige Luftbilder und -videos f\u00fcr verschiedene Anwendungen.","robots":{"index":"index","follow":"follow","max-snippet":"max-snippet:-1","max-image-preview":"max-image-preview:large","max-video-preview":"max-video-preview:-1"},"canonical":"https:\/\/www.reneduerr.ch\/index.php\/drohnenaufnahmen\/","og_locale":"de_DE","og_type":"article","og_title":"Drohnenaufnahmen - Ren\u00e9 D\u00fcrr Architekturfotografie Z\u00fcrich","og_description":"Erhalten Sie beeindruckende Drohnenaufnahmen. Wir bieten hochwertige Luftbilder und -videos f\u00fcr verschiedene Anwendungen.","og_url":"https:\/\/www.reneduerr.ch\/index.php\/drohnenaufnahmen\/","og_site_name":"Ren\u00e9 D\u00fcrr Architekturfotografie Z\u00fcrich","article_modified_time":"2026-03-26T15:01:20+00:00","twitter_card":"summary_large_image","schema":{"@context":"https:\/\/schema.org","@graph":[{"@type":"WebPage","@id":"https:\/\/www.reneduerr.ch\/index.php\/drohnenaufnahmen\/","url":"https:\/\/www.reneduerr.ch\/index.php\/drohnenaufnahmen\/","name":"Drohnenaufnahmen - Ren\u00e9 D\u00fcrr Architekturfotografie Z\u00fcrich","isPartOf":{"@id":"https:\/\/www.reneduerr.ch\/#website"},"datePublished":"2019-11-07T23:20:21+00:00","dateModified":"2026-03-26T15:01:20+00:00","description":"Erhalten Sie beeindruckende Drohnenaufnahmen. Wir bieten hochwertige Luftbilder und -videos f\u00fcr verschiedene Anwendungen.","breadcrumb":{"@id":"https:\/\/www.reneduerr.ch\/index.php\/drohnenaufnahmen\/#breadcrumb"},"inLanguage":"de","potentialAction":[{"@type":"ReadAction","target":["https:\/\/www.reneduerr.ch\/index.php\/drohnenaufnahmen\/"]}]},{"@type":"BreadcrumbList","@id":"https:\/\/www.reneduerr.ch\/index.php\/drohnenaufnahmen\/#breadcrumb","itemListElement":[{"@type":"ListItem","position":1,"name":"Home","item":"https:\/\/www.reneduerr.ch\/"},{"@type":"ListItem","position":2,"name":"Drohnenaufnahmen"}]},{"@type":"WebSite","@id":"https:\/\/www.reneduerr.ch\/#website","url":"https:\/\/www.reneduerr.ch\/","name":"Ren\u00e9 D\u00fcrr Architekturfotografie Z\u00fcrich","description":"","publisher":{"@id":"https:\/\/www.reneduerr.ch\/#\/schema\/person\/e970ba412186da947f0820389e4deb11"},"potentialAction":[{"@type":"SearchAction","target":{"@type":"EntryPoint","urlTemplate":"https:\/\/www.reneduerr.ch\/?s={search_term_string}"},"query-input":{"@type":"PropertyValueSpecification","valueRequired":true,"valueName":"search_term_string"}}],"inLanguage":"de"},{"@type":["Person","Organization"],"@id":"https:\/\/www.reneduerr.ch\/#\/schema\/person\/e970ba412186da947f0820389e4deb11","name":"rene","image":{"@type":"ImageObject","inLanguage":"de","@id":"https:\/\/www.reneduerr.ch\/#\/schema\/person\/image\/","url":"https:\/\/www.reneduerr.ch\/wp-content\/uploads\/2023\/03\/Duerr-Logo.png","contentUrl":"https:\/\/www.reneduerr.ch\/wp-content\/uploads\/2023\/03\/Duerr-Logo.png","width":119,"height":105,"caption":"rene"},"logo":{"@id":"https:\/\/www.reneduerr.ch\/#\/schema\/person\/image\/"}}]}},"_links":{"self":[{"href":"https:\/\/www.reneduerr.ch\/index.php\/wp-json\/wp\/v2\/pages\/3743","targetHints":{"allow":["GET"]}}],"collection":[{"href":"https:\/\/www.reneduerr.ch\/index.php\/wp-json\/wp\/v2\/pages"}],"about":[{"href":"https:\/\/www.reneduerr.ch\/index.php\/wp-json\/wp\/v2\/types\/page"}],"author":[{"embeddable":true,"href":"https:\/\/www.reneduerr.ch\/index.php\/wp-json\/wp\/v2\/users\/3"}],"replies":[{"embeddable":true,"href":"https:\/\/www.reneduerr.ch\/index.php\/wp-json\/wp\/v2\/comments?post=3743"}],"version-history":[{"count":1,"href":"https:\/\/www.reneduerr.ch\/index.php\/wp-json\/wp\/v2\/pages\/3743\/revisions"}],"predecessor-version":[{"id":4882,"href":"https:\/\/www.reneduerr.ch\/index.php\/wp-json\/wp\/v2\/pages\/3743\/revisions\/4882"}],"wp:attachment":[{"href":"https:\/\/www.reneduerr.ch\/index.php\/wp-json\/wp\/v2\/media?parent=3743"}],"curies":[{"name":"wp","href":"https:\/\/api.w.org\/{rel}","templated":true}]}}