{"id":2617,"date":"2016-04-27T17:16:56","date_gmt":"2016-04-27T15:16:56","guid":{"rendered":"http:\/\/www.reneduerr.ch\/?page_id=2617"},"modified":"2023-06-28T22:00:58","modified_gmt":"2023-06-28T20:00:58","slug":"exhibition","status":"publish","type":"page","link":"https:\/\/www.reneduerr.ch\/index.php\/exhibition\/","title":{"rendered":"Exhibition"},"content":{"rendered":"<h2>Architektur Biennale Venezia 2016<\/h2>\n<p><strong><a href=\"https:\/\/www.reneduerr.ch\/wp-content\/uploads\/2016\/04\/VB-2016-TIME-SPACE-EXISTENCE-PRESS-RELEASE-ENGLISH.pdf\">VB 2016 &#8211; TIME SPACE EXISTENCE &#8211; PRESS RELEASE ENGLISH<\/a>\u00a0(PDF)<\/strong><\/p>\n<p><strong>Time Space Existence<\/strong><\/p>\n<p>Venedig die alternde Sch\u00f6nheit<\/p>\n<p>Meine Bildserie widme ich bewusst dem Ort der seit Jahren die Biennalen ausrichtet\u00a0und Zeit und Raum f\u00fcr viel Kunst, Kreativit\u00e4t und Verspieltes liefert. Venedig neu entdecken? Eine neue Sichtweise entwickeln. Die Kunst besteht darin dem oft gesehenen eine neue Seite abzugewinnen und genau das habe ich mit meiner Reportage umgesetzt.<\/p>\n<p><strong>Time<\/strong><\/p>\n<p>Die Wahl meiner Fototechnik erm\u00f6glicht mir die Stimmung umzusetzen, die mir Venedig speziell in den Wintermonaten oder in den N\u00e4chten nach dem Verschwinden der Menschenmassen vermittelt. Die Zeit steht still. Die Existenz von Bewohner und Touristen l\u00e4sst sich in den Bildern nur vermuten.<br \/>\nDurch die minutenlangen Belichtungen l\u00f6st sich alles was sich bewegt in nichts auf, wird teiltransparent\u00a0 oder gar unsichtbar. Die Bewegung des Wassers wird aufgezeichnet und r\u00fcckt dadurch Bauten und Pl\u00e4tze erst recht ins Zentrum der Betrachtung. Diese Tatsache und die Magie von Schwarzweiss Bildern erzeugt die fast unheimliche Stille die Venedig zu gewissen Zeiten so auszeichnet. Und doch ist die Pr\u00e4senz der Menschen durch die Spuren die wir hinterlassen, nicht zu verleugnen. Diese Leere, Ruhe und nicht vorhandene Zeitzeugen machen die Fotografien so zeitlos.<\/p>\n<p><strong>Space<\/strong><\/p>\n<p>Fotografien der alternden Sch\u00f6nheit ber\u00fchren uns weit mehr als Bilder anderer St\u00e4dte. Da ist so viel Himmel, so viel Wasser, da sind die Silhouetten der Br\u00fccken, enge Gassen die den Blick auf das offene Meer frei geben. Nebel, der Teile der Stadt in gespenstige Stille einh\u00fcllt. Man wird hier t\u00e4glich von neuen Stimmungen und Gef\u00fchlen \u00fcberw\u00e4ltigt.<\/p>\n<p>Das Leben spielt sich auf Pl\u00e4tzen, Br\u00fccken, Gassen und den engen, teilweise kaum befahrbaren Kan\u00e4len ab. Was hinter den Fassaden der Palazzi passiert, k\u00f6nnen wir nur erahnen. Wir sind nur Besucher.<\/p>\n<p>Der Zerfall der unz\u00e4hligen wundersch\u00f6nen Fassaden verleiht den Gassen und H\u00e4usern eine spezielle Patina. Da verschwimmen die Vorstellungen die wir von einer Stadt haben und ein Traum nimmt Formen an, ein Traum, in dem wir uns in den engen Gassen verlieren k\u00f6nnen.<\/p>\n<p>In Venedig begreifen wir mehr als irgendwo sonst, wie endlich, wie verg\u00e4nglich wir sind.<\/p>\n<p><strong>Existence<br \/>\n<\/strong><\/p>\n<p>Wie Zeitlos ist Venedigs Zukunft?<\/p>\n<p>Die Angst der Bewohner w\u00e4chst, dass sie ihre Stadt letztlich doch nicht retten k\u00f6nnen. Denn der Boden, auf dem Venedig steht sinkt ab, das Wasser steigt &#8211; die Stadt geht langsam aber stetig unter.<\/p>\n<p>Droht das Ende eines historisch einmaligen Experiments waghalsiger Siedler? Holt sich die Lagune irgendwann wieder, was der Mensch ihr f\u00fcr eine Zeit abgetrotzt hat?<\/p>\n<p>Venedig, sagte einmal Massimo Cacciari, Philosoph und Ex-B\u00fcrgermeister der Stadt, k\u00f6nne es eigentlich gar nicht geben. Sie sei &#8222;eine vollkommen unwahrscheinliche, ganz und gar k\u00fcnstliche Stadt&#8220;, zugleich &#8222;ein technisches Meisterwerk, h\u00f6chster Ausdruck unserer M\u00f6glichkeiten, unserer geistigen Potenz&#8220;.<\/p>\n<p>M\u00f6ge Venedig noch f\u00fcr viele Generationen erhalten bleiben, damit die Menschen dort ihre Heimat nicht verlieren und dass unsere Nachkommen dieses Meisterwerk besuchen und vielleicht mit einem ganz anderen Blick, mit anderen Gef\u00fchlen sehen k\u00f6nnen als wir \/ ich das mit meiner Reportage getan habe.<\/p>\n<p>R. D\u00fcrr<\/p>\n<div class='row'><div style='padding-bottom:100px;' class='span12 first-module module_number_1 module_cont  module_gallery'><div class='list-of-images images_in_a_row_3'>\n                        <div class=\"gallery_item\">\n\t\t\t\t\t\t\t<div class=\"gallery_item_padding\">\n\t\t\t\t\t\t\t\t<div class=\"gallery_item_wrapper\"><a href=\"https:\/\/www.reneduerr.ch\/wp-content\/uploads\/2016\/04\/Venezia-_1.jpg\" class=\"prettyPhoto\" rel=\"prettyPhoto[gallery1]\" title=\"\"><img decoding=\"async\" style=\"display:none\" alt=\"\" src=\"\"><\/a><img loading=\"lazy\" decoding=\"async\" class=\"gallery-stand-img\" src=\"https:\/\/www.reneduerr.ch\/wp-content\/uploads\/2016\/04\/Venezia-_1-570x427.jpg\" alt=\"\" width=\"570\" height=\"427\">\n\t\t\t\t\t\t\t\t\t<div class=\"gallery_fadder\"><\/div>\n\t\t\t\t\t\t\t\t\t<div class=\"gallery_likes gallery_likes_add \" data-attachid=\"2642\" data-modify=\"like\">\n\t\t\t\t\t\t\t\t\t\t<i class=\"stand_icon icon-heart-o\"><\/i>\n\t\t\t\t\t\t\t\t\t\t<span>0<\/span>\n\t\t\t\t\t\t\t\t\t<\/div>\t\t\t\t\t\t\t\t\t\n\t\t\t\t\t\t\t\t<\/div>\n\t\t\t\t\t\t\t<\/div>\n                        <\/div>\n                        \n                        <div class=\"gallery_item\">\n\t\t\t\t\t\t\t<div class=\"gallery_item_padding\">\n\t\t\t\t\t\t\t\t<div class=\"gallery_item_wrapper\"><a href=\"https:\/\/www.reneduerr.ch\/wp-content\/uploads\/2016\/04\/Venezia-_2.jpg\" class=\"prettyPhoto\" rel=\"prettyPhoto[gallery1]\" title=\"\"><img decoding=\"async\" style=\"display:none\" alt=\"\" src=\"\"><\/a><img loading=\"lazy\" decoding=\"async\" class=\"gallery-stand-img\" src=\"https:\/\/www.reneduerr.ch\/wp-content\/uploads\/2016\/04\/Venezia-_2-570x427.jpg\" alt=\"\" width=\"570\" height=\"427\">\n\t\t\t\t\t\t\t\t\t<div class=\"gallery_fadder\"><\/div>\n\t\t\t\t\t\t\t\t\t<div class=\"gallery_likes gallery_likes_add \" data-attachid=\"2643\" data-modify=\"like\">\n\t\t\t\t\t\t\t\t\t\t<i class=\"stand_icon icon-heart-o\"><\/i>\n\t\t\t\t\t\t\t\t\t\t<span>0<\/span>\n\t\t\t\t\t\t\t\t\t<\/div>\t\t\t\t\t\t\t\t\t\n\t\t\t\t\t\t\t\t<\/div>\n\t\t\t\t\t\t\t<\/div>\n                        <\/div>\n                        \n                        <div class=\"gallery_item\">\n\t\t\t\t\t\t\t<div class=\"gallery_item_padding\">\n\t\t\t\t\t\t\t\t<div class=\"gallery_item_wrapper\"><a href=\"https:\/\/www.reneduerr.ch\/wp-content\/uploads\/2016\/04\/Venezia-_3.jpg\" class=\"prettyPhoto\" rel=\"prettyPhoto[gallery1]\" title=\"\"><img decoding=\"async\" style=\"display:none\" alt=\"\" src=\"\"><\/a><img loading=\"lazy\" decoding=\"async\" class=\"gallery-stand-img\" src=\"https:\/\/www.reneduerr.ch\/wp-content\/uploads\/2016\/04\/Venezia-_3-570x427.jpg\" alt=\"\" width=\"570\" height=\"427\">\n\t\t\t\t\t\t\t\t\t<div class=\"gallery_fadder\"><\/div>\n\t\t\t\t\t\t\t\t\t<div class=\"gallery_likes gallery_likes_add \" data-attachid=\"2644\" data-modify=\"like\">\n\t\t\t\t\t\t\t\t\t\t<i class=\"stand_icon icon-heart-o\"><\/i>\n\t\t\t\t\t\t\t\t\t\t<span>0<\/span>\n\t\t\t\t\t\t\t\t\t<\/div>\t\t\t\t\t\t\t\t\t\n\t\t\t\t\t\t\t\t<\/div>\n\t\t\t\t\t\t\t<\/div>\n                        <\/div>\n                        \n                        <div class=\"gallery_item\">\n\t\t\t\t\t\t\t<div class=\"gallery_item_padding\">\n\t\t\t\t\t\t\t\t<div class=\"gallery_item_wrapper\"><a href=\"https:\/\/www.reneduerr.ch\/wp-content\/uploads\/2016\/04\/Venezia-_4.jpg\" class=\"prettyPhoto\" rel=\"prettyPhoto[gallery1]\" title=\"\"><img decoding=\"async\" style=\"display:none\" alt=\"\" src=\"\"><\/a><img loading=\"lazy\" decoding=\"async\" class=\"gallery-stand-img\" src=\"https:\/\/www.reneduerr.ch\/wp-content\/uploads\/2016\/04\/Venezia-_4-570x427.jpg\" alt=\"\" width=\"570\" height=\"427\">\n\t\t\t\t\t\t\t\t\t<div class=\"gallery_fadder\"><\/div>\n\t\t\t\t\t\t\t\t\t<div class=\"gallery_likes gallery_likes_add \" data-attachid=\"2645\" data-modify=\"like\">\n\t\t\t\t\t\t\t\t\t\t<i class=\"stand_icon icon-heart-o\"><\/i>\n\t\t\t\t\t\t\t\t\t\t<span>0<\/span>\n\t\t\t\t\t\t\t\t\t<\/div>\t\t\t\t\t\t\t\t\t\n\t\t\t\t\t\t\t\t<\/div>\n\t\t\t\t\t\t\t<\/div>\n                        <\/div>\n                        \n                        <div class=\"gallery_item\">\n\t\t\t\t\t\t\t<div class=\"gallery_item_padding\">\n\t\t\t\t\t\t\t\t<div class=\"gallery_item_wrapper\"><a href=\"https:\/\/www.reneduerr.ch\/wp-content\/uploads\/2016\/04\/Venezia-_5.jpg\" class=\"prettyPhoto\" rel=\"prettyPhoto[gallery1]\" title=\"\"><img decoding=\"async\" style=\"display:none\" alt=\"\" src=\"\"><\/a><img loading=\"lazy\" decoding=\"async\" class=\"gallery-stand-img\" src=\"https:\/\/www.reneduerr.ch\/wp-content\/uploads\/2016\/04\/Venezia-_5-570x427.jpg\" alt=\"\" width=\"570\" height=\"427\">\n\t\t\t\t\t\t\t\t\t<div class=\"gallery_fadder\"><\/div>\n\t\t\t\t\t\t\t\t\t<div class=\"gallery_likes gallery_likes_add \" data-attachid=\"2646\" data-modify=\"like\">\n\t\t\t\t\t\t\t\t\t\t<i class=\"stand_icon icon-heart-o\"><\/i>\n\t\t\t\t\t\t\t\t\t\t<span>0<\/span>\n\t\t\t\t\t\t\t\t\t<\/div>\t\t\t\t\t\t\t\t\t\n\t\t\t\t\t\t\t\t<\/div>\n\t\t\t\t\t\t\t<\/div>\n                        <\/div>\n                        \n                        <div class=\"gallery_item\">\n\t\t\t\t\t\t\t<div class=\"gallery_item_padding\">\n\t\t\t\t\t\t\t\t<div class=\"gallery_item_wrapper\"><a href=\"https:\/\/www.reneduerr.ch\/wp-content\/uploads\/2016\/04\/Venezia-_6.jpg\" class=\"prettyPhoto\" rel=\"prettyPhoto[gallery1]\" title=\"\"><img decoding=\"async\" style=\"display:none\" alt=\"\" src=\"\"><\/a><img loading=\"lazy\" decoding=\"async\" class=\"gallery-stand-img\" src=\"https:\/\/www.reneduerr.ch\/wp-content\/uploads\/2016\/04\/Venezia-_6-570x427.jpg\" alt=\"\" width=\"570\" height=\"427\">\n\t\t\t\t\t\t\t\t\t<div class=\"gallery_fadder\"><\/div>\n\t\t\t\t\t\t\t\t\t<div class=\"gallery_likes gallery_likes_add \" data-attachid=\"2647\" data-modify=\"like\">\n\t\t\t\t\t\t\t\t\t\t<i class=\"stand_icon icon-heart-o\"><\/i>\n\t\t\t\t\t\t\t\t\t\t<span>0<\/span>\n\t\t\t\t\t\t\t\t\t<\/div>\t\t\t\t\t\t\t\t\t\n\t\t\t\t\t\t\t\t<\/div>\n\t\t\t\t\t\t\t<\/div>\n                        <\/div>\n                        \n            <div class='clear'><\/div>\n            <\/div>\n            <\/div><!-- .module_cont --><\/div>","protected":false},"excerpt":{"rendered":"<p>Architektur Biennale Venezia 2016 VB 2016 &#8211; TIME SPACE EXISTENCE &#8211; PRESS RELEASE ENGLISH\u00a0(PDF) Time Space Existence Venedig die alternde Sch\u00f6nheit Meine Bildserie widme ich bewusst dem Ort der seit Jahren die Biennalen ausrichtet\u00a0und Zeit und Raum f\u00fcr viel Kunst, Kreativit\u00e4t und Verspieltes liefert. Venedig neu entdecken? Eine neue Sichtweise entwickeln. Die Kunst besteht darin dem oft gesehenen eine neue Seite abzugewinnen und genau das habe ich mit meiner Reportage umgesetzt. Time Die Wahl meiner Fototechnik erm\u00f6glicht mir die Stimmung umzusetzen, die mir Venedig speziell in den Wintermonaten oder in den N\u00e4chten nach dem Verschwinden der Menschenmassen vermittelt. Die Zeit steht still. Die Existenz von Bewohner und Touristen l\u00e4sst sich in den Bildern nur vermuten. Durch die minutenlangen Belichtungen l\u00f6st sich alles was sich bewegt in nichts auf, wird teiltransparent\u00a0 oder gar unsichtbar. Die Bewegung des Wassers wird aufgezeichnet und r\u00fcckt dadurch Bauten und Pl\u00e4tze erst recht ins Zentrum der Betrachtung. Diese Tatsache und die Magie von Schwarzweiss Bildern erzeugt die fast unheimliche Stille die Venedig zu gewissen Zeiten so auszeichnet. Und doch ist die Pr\u00e4senz der Menschen durch die Spuren die wir hinterlassen, nicht zu verleugnen. Diese Leere, Ruhe und nicht vorhandene Zeitzeugen machen die Fotografien so zeitlos. Space [&hellip;]<\/p>\n","protected":false},"author":1,"featured_media":0,"parent":0,"menu_order":0,"comment_status":"closed","ping_status":"closed","template":"page-center.php","meta":{"om_disable_all_campaigns":false,"_monsterinsights_skip_tracking":false,"_monsterinsights_sitenote_active":false,"_monsterinsights_sitenote_note":"","_monsterinsights_sitenote_category":0,"footnotes":""},"class_list":["post-2617","page","type-page","status-publish","hentry"],"aioseo_notices":[],"yoast_head":"<!-- This site is optimized with the Yoast SEO plugin v26.9 - https:\/\/yoast.com\/product\/yoast-seo-wordpress\/ -->\n<title>Ren\u00e9 und Dimitri D\u00fcrr - Exhibition Architekturfotografie<\/title>\n<meta name=\"description\" content=\"Entdecken Sie die faszinierende Welt der Exhibition Architekturfotografie mit Ren\u00e9 und Dimitri D\u00fcrr. Erleben Sie beeindruckende Bilder.\" \/>\n<meta name=\"robots\" content=\"index, follow, max-snippet:-1, max-image-preview:large, max-video-preview:-1\" \/>\n<link rel=\"canonical\" href=\"https:\/\/www.reneduerr.ch\/index.php\/exhibition\/\" \/>\n<meta property=\"og:locale\" content=\"de_DE\" \/>\n<meta property=\"og:type\" content=\"article\" \/>\n<meta property=\"og:title\" content=\"Ren\u00e9 und Dimitri D\u00fcrr - Exhibition Architekturfotografie\" \/>\n<meta property=\"og:description\" content=\"Entdecken Sie die faszinierende Welt der Exhibition Architekturfotografie mit Ren\u00e9 und Dimitri D\u00fcrr. Erleben Sie beeindruckende Bilder.\" \/>\n<meta property=\"og:url\" content=\"https:\/\/www.reneduerr.ch\/index.php\/exhibition\/\" \/>\n<meta property=\"og:site_name\" content=\"Ren\u00e9 D\u00fcrr Architekturfotografie Z\u00fcrich\" \/>\n<meta property=\"article:modified_time\" content=\"2023-06-28T20:00:58+00:00\" \/>\n<meta name=\"twitter:card\" content=\"summary_large_image\" \/>\n<meta name=\"twitter:label1\" content=\"Gesch\u00e4tzte Lesezeit\" \/>\n\t<meta name=\"twitter:data1\" content=\"3\u00a0Minuten\" \/>\n<script type=\"application\/ld+json\" class=\"yoast-schema-graph\">{\"@context\":\"https:\/\/schema.org\",\"@graph\":[{\"@type\":\"WebPage\",\"@id\":\"https:\/\/www.reneduerr.ch\/index.php\/exhibition\/\",\"url\":\"https:\/\/www.reneduerr.ch\/index.php\/exhibition\/\",\"name\":\"Ren\u00e9 und Dimitri D\u00fcrr - Exhibition Architekturfotografie\",\"isPartOf\":{\"@id\":\"https:\/\/www.reneduerr.ch\/#website\"},\"datePublished\":\"2016-04-27T15:16:56+00:00\",\"dateModified\":\"2023-06-28T20:00:58+00:00\",\"description\":\"Entdecken Sie die faszinierende Welt der Exhibition Architekturfotografie mit Ren\u00e9 und Dimitri D\u00fcrr. Erleben Sie beeindruckende Bilder.\",\"breadcrumb\":{\"@id\":\"https:\/\/www.reneduerr.ch\/index.php\/exhibition\/#breadcrumb\"},\"inLanguage\":\"de\",\"potentialAction\":[{\"@type\":\"ReadAction\",\"target\":[\"https:\/\/www.reneduerr.ch\/index.php\/exhibition\/\"]}]},{\"@type\":\"BreadcrumbList\",\"@id\":\"https:\/\/www.reneduerr.ch\/index.php\/exhibition\/#breadcrumb\",\"itemListElement\":[{\"@type\":\"ListItem\",\"position\":1,\"name\":\"Home\",\"item\":\"https:\/\/www.reneduerr.ch\/\"},{\"@type\":\"ListItem\",\"position\":2,\"name\":\"Exhibition\"}]},{\"@type\":\"WebSite\",\"@id\":\"https:\/\/www.reneduerr.ch\/#website\",\"url\":\"https:\/\/www.reneduerr.ch\/\",\"name\":\"Ren\u00e9 D\u00fcrr Architekturfotografie Z\u00fcrich\",\"description\":\"\",\"publisher\":{\"@id\":\"https:\/\/www.reneduerr.ch\/#\/schema\/person\/e970ba412186da947f0820389e4deb11\"},\"potentialAction\":[{\"@type\":\"SearchAction\",\"target\":{\"@type\":\"EntryPoint\",\"urlTemplate\":\"https:\/\/www.reneduerr.ch\/?s={search_term_string}\"},\"query-input\":{\"@type\":\"PropertyValueSpecification\",\"valueRequired\":true,\"valueName\":\"search_term_string\"}}],\"inLanguage\":\"de\"},{\"@type\":[\"Person\",\"Organization\"],\"@id\":\"https:\/\/www.reneduerr.ch\/#\/schema\/person\/e970ba412186da947f0820389e4deb11\",\"name\":\"rene\",\"image\":{\"@type\":\"ImageObject\",\"inLanguage\":\"de\",\"@id\":\"https:\/\/www.reneduerr.ch\/#\/schema\/person\/image\/\",\"url\":\"https:\/\/www.reneduerr.ch\/wp-content\/uploads\/2023\/03\/Duerr-Logo.png\",\"contentUrl\":\"https:\/\/www.reneduerr.ch\/wp-content\/uploads\/2023\/03\/Duerr-Logo.png\",\"width\":119,\"height\":105,\"caption\":\"rene\"},\"logo\":{\"@id\":\"https:\/\/www.reneduerr.ch\/#\/schema\/person\/image\/\"}}]}<\/script>\n<!-- \/ Yoast SEO plugin. -->","yoast_head_json":{"title":"Ren\u00e9 und Dimitri D\u00fcrr - Exhibition Architekturfotografie","description":"Entdecken Sie die faszinierende Welt der Exhibition Architekturfotografie mit Ren\u00e9 und Dimitri D\u00fcrr. Erleben Sie beeindruckende Bilder.","robots":{"index":"index","follow":"follow","max-snippet":"max-snippet:-1","max-image-preview":"max-image-preview:large","max-video-preview":"max-video-preview:-1"},"canonical":"https:\/\/www.reneduerr.ch\/index.php\/exhibition\/","og_locale":"de_DE","og_type":"article","og_title":"Ren\u00e9 und Dimitri D\u00fcrr - Exhibition Architekturfotografie","og_description":"Entdecken Sie die faszinierende Welt der Exhibition Architekturfotografie mit Ren\u00e9 und Dimitri D\u00fcrr. Erleben Sie beeindruckende Bilder.","og_url":"https:\/\/www.reneduerr.ch\/index.php\/exhibition\/","og_site_name":"Ren\u00e9 D\u00fcrr Architekturfotografie Z\u00fcrich","article_modified_time":"2023-06-28T20:00:58+00:00","twitter_card":"summary_large_image","twitter_misc":{"Gesch\u00e4tzte Lesezeit":"3\u00a0Minuten"},"schema":{"@context":"https:\/\/schema.org","@graph":[{"@type":"WebPage","@id":"https:\/\/www.reneduerr.ch\/index.php\/exhibition\/","url":"https:\/\/www.reneduerr.ch\/index.php\/exhibition\/","name":"Ren\u00e9 und Dimitri D\u00fcrr - Exhibition Architekturfotografie","isPartOf":{"@id":"https:\/\/www.reneduerr.ch\/#website"},"datePublished":"2016-04-27T15:16:56+00:00","dateModified":"2023-06-28T20:00:58+00:00","description":"Entdecken Sie die faszinierende Welt der Exhibition Architekturfotografie mit Ren\u00e9 und Dimitri D\u00fcrr. Erleben Sie beeindruckende Bilder.","breadcrumb":{"@id":"https:\/\/www.reneduerr.ch\/index.php\/exhibition\/#breadcrumb"},"inLanguage":"de","potentialAction":[{"@type":"ReadAction","target":["https:\/\/www.reneduerr.ch\/index.php\/exhibition\/"]}]},{"@type":"BreadcrumbList","@id":"https:\/\/www.reneduerr.ch\/index.php\/exhibition\/#breadcrumb","itemListElement":[{"@type":"ListItem","position":1,"name":"Home","item":"https:\/\/www.reneduerr.ch\/"},{"@type":"ListItem","position":2,"name":"Exhibition"}]},{"@type":"WebSite","@id":"https:\/\/www.reneduerr.ch\/#website","url":"https:\/\/www.reneduerr.ch\/","name":"Ren\u00e9 D\u00fcrr Architekturfotografie Z\u00fcrich","description":"","publisher":{"@id":"https:\/\/www.reneduerr.ch\/#\/schema\/person\/e970ba412186da947f0820389e4deb11"},"potentialAction":[{"@type":"SearchAction","target":{"@type":"EntryPoint","urlTemplate":"https:\/\/www.reneduerr.ch\/?s={search_term_string}"},"query-input":{"@type":"PropertyValueSpecification","valueRequired":true,"valueName":"search_term_string"}}],"inLanguage":"de"},{"@type":["Person","Organization"],"@id":"https:\/\/www.reneduerr.ch\/#\/schema\/person\/e970ba412186da947f0820389e4deb11","name":"rene","image":{"@type":"ImageObject","inLanguage":"de","@id":"https:\/\/www.reneduerr.ch\/#\/schema\/person\/image\/","url":"https:\/\/www.reneduerr.ch\/wp-content\/uploads\/2023\/03\/Duerr-Logo.png","contentUrl":"https:\/\/www.reneduerr.ch\/wp-content\/uploads\/2023\/03\/Duerr-Logo.png","width":119,"height":105,"caption":"rene"},"logo":{"@id":"https:\/\/www.reneduerr.ch\/#\/schema\/person\/image\/"}}]}},"_links":{"self":[{"href":"https:\/\/www.reneduerr.ch\/index.php\/wp-json\/wp\/v2\/pages\/2617","targetHints":{"allow":["GET"]}}],"collection":[{"href":"https:\/\/www.reneduerr.ch\/index.php\/wp-json\/wp\/v2\/pages"}],"about":[{"href":"https:\/\/www.reneduerr.ch\/index.php\/wp-json\/wp\/v2\/types\/page"}],"author":[{"embeddable":true,"href":"https:\/\/www.reneduerr.ch\/index.php\/wp-json\/wp\/v2\/users\/1"}],"replies":[{"embeddable":true,"href":"https:\/\/www.reneduerr.ch\/index.php\/wp-json\/wp\/v2\/comments?post=2617"}],"version-history":[{"count":0,"href":"https:\/\/www.reneduerr.ch\/index.php\/wp-json\/wp\/v2\/pages\/2617\/revisions"}],"wp:attachment":[{"href":"https:\/\/www.reneduerr.ch\/index.php\/wp-json\/wp\/v2\/media?parent=2617"}],"curies":[{"name":"wp","href":"https:\/\/api.w.org\/{rel}","templated":true}]}}