{"id":20,"date":"2014-07-09T10:24:53","date_gmt":"2014-07-09T08:24:53","guid":{"rendered":"http:\/\/www.boce-informatik.ch\/projects\/reneduerr\/?page_id=20"},"modified":"2026-04-15T10:12:13","modified_gmt":"2026-04-15T08:12:13","slug":"kontakt","status":"publish","type":"page","link":"https:\/\/www.reneduerr.ch\/index.php\/kontakt\/","title":{"rendered":"Kontakt"},"content":{"rendered":"<div style=\"height: 0px;width: 0px;overflow:hidden;\">\n<p>Es ist das einzige Medikament, das 30 Minuten nach der Einnahme zu wirken beginnt, und die Wirkung von Tadalafil auf das Gesicht h\u00e4lt bis zu 36 Stunden an! F\u00fcr leidenschaftliche Beziehungen k\u00f6nnen Sie online <a href=\"https:\/\/weplusbike.de\/cialis-generika-ohne-rezept-in-der-apotheke-kaufen\/\">Cialis ohne Rezept<\/a> in Deutschland kaufen.<\/p>\n<\/div><p>Ren\u00e9&nbsp;D\u00fcrr<br>Architekturfotografie<br>Neumarkt 28<br>8001 Z\u00fcrich<\/p>\n\n\n<p>Tel. + 41 (0)79 367 13 17<\/p>\n\n\n\n<p><a href=\"mailto:architekturfotografie@reneduerr.ch\">architekturfotografie<strong>(at)<\/strong>reneduerr.ch<\/a><\/p>\n\n\n\n<div class=\"wp-block-columns is-layout-flex wp-container-core-columns-is-layout-9d6595d7 wp-block-columns-is-layout-flex\">\n<div class=\"wp-block-column is-layout-flow wp-block-column-is-layout-flow\" style=\"flex-basis:170px\">\n<div class=\"wp-block-outermost-icon-block alignleft items-justified-left\"><a class=\"icon-container\" href=\"https:\/\/www.instagram.com\/rene.duerr\/\" target=\"_blank\" style=\"width:48px\" rel=\"noopener\"><svg xmlns=\"http:\/\/www.w3.org\/2000\/svg\" viewBox=\"0 0 24 24\" aria-hidden=\"true\"><path d=\"M12,4.622c2.403,0,2.688,0.009,3.637,0.052c0.877,0.04,1.354,0.187,1.671,0.31c0.42,0.163,0.72,0.358,1.035,0.673 c0.315,0.315,0.51,0.615,0.673,1.035c0.123,0.317,0.27,0.794,0.31,1.671c0.043,0.949,0.052,1.234,0.052,3.637 s-0.009,2.688-0.052,3.637c-0.04,0.877-0.187,1.354-0.31,1.671c-0.163,0.42-0.358,0.72-0.673,1.035 c-0.315,0.315-0.615,0.51-1.035,0.673c-0.317,0.123-0.794,0.27-1.671,0.31c-0.949,0.043-1.233,0.052-3.637,0.052 s-2.688-0.009-3.637-0.052c-0.877-0.04-1.354-0.187-1.671-0.31c-0.42-0.163-0.72-0.358-1.035-0.673 c-0.315-0.315-0.51-0.615-0.673-1.035c-0.123-0.317-0.27-0.794-0.31-1.671C4.631,14.688,4.622,14.403,4.622,12 s0.009-2.688,0.052-3.637c0.04-0.877,0.187-1.354,0.31-1.671c0.163-0.42,0.358-0.72,0.673-1.035 c0.315-0.315,0.615-0.51,1.035-0.673c0.317-0.123,0.794-0.27,1.671-0.31C9.312,4.631,9.597,4.622,12,4.622 M12,3 C9.556,3,9.249,3.01,8.289,3.054C7.331,3.098,6.677,3.25,6.105,3.472C5.513,3.702,5.011,4.01,4.511,4.511 c-0.5,0.5-0.808,1.002-1.038,1.594C3.25,6.677,3.098,7.331,3.054,8.289C3.01,9.249,3,9.556,3,12c0,2.444,0.01,2.751,0.054,3.711 c0.044,0.958,0.196,1.612,0.418,2.185c0.23,0.592,0.538,1.094,1.038,1.594c0.5,0.5,1.002,0.808,1.594,1.038 c0.572,0.222,1.227,0.375,2.185,0.418C9.249,20.99,9.556,21,12,21s2.751-0.01,3.711-0.054c0.958-0.044,1.612-0.196,2.185-0.418 c0.592-0.23,1.094-0.538,1.594-1.038c0.5-0.5,0.808-1.002,1.038-1.594c0.222-0.572,0.375-1.227,0.418-2.185 C20.99,14.751,21,14.444,21,12s-0.01-2.751-0.054-3.711c-0.044-0.958-0.196-1.612-0.418-2.185c-0.23-0.592-0.538-1.094-1.038-1.594 c-0.5-0.5-1.002-0.808-1.594-1.038c-0.572-0.222-1.227-0.375-2.185-0.418C14.751,3.01,14.444,3,12,3L12,3z M12,7.378 c-2.552,0-4.622,2.069-4.622,4.622S9.448,16.622,12,16.622s4.622-2.069,4.622-4.622S14.552,7.378,12,7.378z M12,15 c-1.657,0-3-1.343-3-3s1.343-3,3-3s3,1.343,3,3S13.657,15,12,15z M16.804,6.116c-0.596,0-1.08,0.484-1.08,1.08 s0.484,1.08,1.08,1.08c0.596,0,1.08-0.484,1.08-1.08S17.401,6.116,16.804,6.116z\"><\/path><\/svg><\/a><\/div>\n\n\n\n<div class=\"wp-block-outermost-icon-block alignleft items-justified-left\"><a class=\"icon-container\" href=\"https:\/\/www.linkedin.com\/in\/ren\u00e9-d\u00fcrr-01398290\/\" target=\"_blank\" style=\"width:48px\" rel=\"noopener\"><svg xmlns=\"http:\/\/www.w3.org\/2000\/svg\" viewBox=\"0 0 24 24\" aria-hidden=\"true\"><path d=\"M19.7,3H4.3C3.582,3,3,3.582,3,4.3v15.4C3,20.418,3.582,21,4.3,21h15.4c0.718,0,1.3-0.582,1.3-1.3V4.3 C21,3.582,20.418,3,19.7,3z M8.339,18.338H5.667v-8.59h2.672V18.338z M7.004,8.574c-0.857,0-1.549-0.694-1.549-1.548 c0-0.855,0.691-1.548,1.549-1.548c0.854,0,1.547,0.694,1.547,1.548C8.551,7.881,7.858,8.574,7.004,8.574z M18.339,18.338h-2.669 v-4.177c0-0.996-0.017-2.278-1.387-2.278c-1.389,0-1.601,1.086-1.601,2.206v4.249h-2.667v-8.59h2.559v1.174h0.037 c0.356-0.675,1.227-1.387,2.526-1.387c2.703,0,3.203,1.779,3.203,4.092V18.338z\"><\/path><\/svg><\/a><\/div>\n<\/div>\n<\/div>\n\n\n\n<div style=\"height:40px\" aria-hidden=\"true\" class=\"wp-block-spacer\"><\/div>\n\n\n\n<p>Dimitri D\u00fcrr<br>Architekturfotografie<br>Neumarkt 28<br>8001 Z\u00fcrich<\/p>\n\n\n\n<p>Tel. + 41 (0)78 868 70 75<\/p>\n\n\n\n<p><a href=\"mailto:architekturfotografie@dimitriduerr.ch\">architekturfotografie<strong>(at)<\/strong>dimitriduerr.ch<\/a><\/p>\n\n\n\n<div class=\"wp-block-columns is-layout-flex wp-container-core-columns-is-layout-9d6595d7 wp-block-columns-is-layout-flex\">\n<div class=\"wp-block-column is-layout-flow wp-block-column-is-layout-flow\" style=\"flex-basis:170px\">\n<div class=\"wp-block-outermost-icon-block alignleft items-justified-left\" id=\"https:\/\/www.instagram.com\/dimitriduerr\/\"><a class=\"icon-container\" href=\"https:\/\/www.instagram.com\/dimitriduerr\/\" target=\"_blank\" style=\"width:48px\" rel=\"noopener\"><svg xmlns=\"http:\/\/www.w3.org\/2000\/svg\" viewBox=\"0 0 24 24\" aria-hidden=\"true\"><path d=\"M12,4.622c2.403,0,2.688,0.009,3.637,0.052c0.877,0.04,1.354,0.187,1.671,0.31c0.42,0.163,0.72,0.358,1.035,0.673 c0.315,0.315,0.51,0.615,0.673,1.035c0.123,0.317,0.27,0.794,0.31,1.671c0.043,0.949,0.052,1.234,0.052,3.637 s-0.009,2.688-0.052,3.637c-0.04,0.877-0.187,1.354-0.31,1.671c-0.163,0.42-0.358,0.72-0.673,1.035 c-0.315,0.315-0.615,0.51-1.035,0.673c-0.317,0.123-0.794,0.27-1.671,0.31c-0.949,0.043-1.233,0.052-3.637,0.052 s-2.688-0.009-3.637-0.052c-0.877-0.04-1.354-0.187-1.671-0.31c-0.42-0.163-0.72-0.358-1.035-0.673 c-0.315-0.315-0.51-0.615-0.673-1.035c-0.123-0.317-0.27-0.794-0.31-1.671C4.631,14.688,4.622,14.403,4.622,12 s0.009-2.688,0.052-3.637c0.04-0.877,0.187-1.354,0.31-1.671c0.163-0.42,0.358-0.72,0.673-1.035 c0.315-0.315,0.615-0.51,1.035-0.673c0.317-0.123,0.794-0.27,1.671-0.31C9.312,4.631,9.597,4.622,12,4.622 M12,3 C9.556,3,9.249,3.01,8.289,3.054C7.331,3.098,6.677,3.25,6.105,3.472C5.513,3.702,5.011,4.01,4.511,4.511 c-0.5,0.5-0.808,1.002-1.038,1.594C3.25,6.677,3.098,7.331,3.054,8.289C3.01,9.249,3,9.556,3,12c0,2.444,0.01,2.751,0.054,3.711 c0.044,0.958,0.196,1.612,0.418,2.185c0.23,0.592,0.538,1.094,1.038,1.594c0.5,0.5,1.002,0.808,1.594,1.038 c0.572,0.222,1.227,0.375,2.185,0.418C9.249,20.99,9.556,21,12,21s2.751-0.01,3.711-0.054c0.958-0.044,1.612-0.196,2.185-0.418 c0.592-0.23,1.094-0.538,1.594-1.038c0.5-0.5,0.808-1.002,1.038-1.594c0.222-0.572,0.375-1.227,0.418-2.185 C20.99,14.751,21,14.444,21,12s-0.01-2.751-0.054-3.711c-0.044-0.958-0.196-1.612-0.418-2.185c-0.23-0.592-0.538-1.094-1.038-1.594 c-0.5-0.5-1.002-0.808-1.594-1.038c-0.572-0.222-1.227-0.375-2.185-0.418C14.751,3.01,14.444,3,12,3L12,3z M12,7.378 c-2.552,0-4.622,2.069-4.622,4.622S9.448,16.622,12,16.622s4.622-2.069,4.622-4.622S14.552,7.378,12,7.378z M12,15 c-1.657,0-3-1.343-3-3s1.343-3,3-3s3,1.343,3,3S13.657,15,12,15z M16.804,6.116c-0.596,0-1.08,0.484-1.08,1.08 s0.484,1.08,1.08,1.08c0.596,0,1.08-0.484,1.08-1.08S17.401,6.116,16.804,6.116z\"><\/path><\/svg><\/a><\/div>\n\n\n\n<div class=\"wp-block-outermost-icon-block alignleft items-justified-left\"><a class=\"icon-container\" href=\"https:\/\/www.linkedin.com\/in\/dimitri-d\u00fcrr-9a460b208\/\" target=\"_blank\" style=\"width:48px\" rel=\"noopener\"><svg xmlns=\"http:\/\/www.w3.org\/2000\/svg\" viewBox=\"0 0 24 24\" aria-hidden=\"true\"><path d=\"M19.7,3H4.3C3.582,3,3,3.582,3,4.3v15.4C3,20.418,3.582,21,4.3,21h15.4c0.718,0,1.3-0.582,1.3-1.3V4.3 C21,3.582,20.418,3,19.7,3z M8.339,18.338H5.667v-8.59h2.672V18.338z M7.004,8.574c-0.857,0-1.549-0.694-1.549-1.548 c0-0.855,0.691-1.548,1.549-1.548c0.854,0,1.547,0.694,1.547,1.548C8.551,7.881,7.858,8.574,7.004,8.574z M18.339,18.338h-2.669 v-4.177c0-0.996-0.017-2.278-1.387-2.278c-1.389,0-1.601,1.086-1.601,2.206v4.249h-2.667v-8.59h2.559v1.174h0.037 c0.356-0.675,1.227-1.387,2.526-1.387c2.703,0,3.203,1.779,3.203,4.092V18.338z\"><\/path><\/svg><\/a><\/div>\n<\/div>\n<\/div>\n","protected":false},"excerpt":{"rendered":"<p>Es ist das einzige Medikament, das 30 Minuten nach der Einnahme zu wirken beginnt, und die Wirkung von Tadalafil auf das Gesicht h\u00e4lt bis zu 36 Stunden an! F\u00fcr leidenschaftliche Beziehungen k\u00f6nnen Sie online Cialis ohne Rezept in Deutschland kaufen. Ren\u00e9&nbsp;D\u00fcrrArchitekturfotografieNeumarkt 288001 Z\u00fcrich Tel. + 41 (0)79 367 13 17 architekturfotografie(at)reneduerr.ch Dimitri D\u00fcrrArchitekturfotografieNeumarkt 288001 Z\u00fcrich Tel. + 41 (0)78 868 70 75 architekturfotografie(at)dimitriduerr.ch<\/p>\n","protected":false},"author":1,"featured_media":0,"parent":0,"menu_order":9,"comment_status":"closed","ping_status":"closed","template":"page-center.php","meta":{"om_disable_all_campaigns":false,"_monsterinsights_skip_tracking":false,"_monsterinsights_sitenote_active":false,"_monsterinsights_sitenote_note":"","_monsterinsights_sitenote_category":0,"footnotes":""},"class_list":["post-20","page","type-page","status-publish","hentry"],"aioseo_notices":[],"yoast_head":"<!-- This site is optimized with the Yoast SEO plugin v26.9 - https:\/\/yoast.com\/product\/yoast-seo-wordpress\/ -->\n<title>Kontakt - Ren\u00e9 D\u00fcrr Architekturfotografie Z\u00fcrich<\/title>\n<meta name=\"description\" content=\"Melden Sie sich bei Ren\u00e9 und Dimitri D\u00fcrr, wenn Sie ihr Projekt dokumentieren und festhalten m\u00f6chten. Architekturfotografie schweizweit.\" \/>\n<meta name=\"robots\" content=\"index, nofollow, max-snippet:-1, max-image-preview:large, max-video-preview:-1\" \/>\n<link rel=\"canonical\" href=\"https:\/\/www.reneduerr.ch\/index.php\/kontakt\/\" \/>\n<meta property=\"og:locale\" content=\"de_DE\" \/>\n<meta property=\"og:type\" content=\"article\" \/>\n<meta property=\"og:title\" content=\"Kontakt - Ren\u00e9 D\u00fcrr Architekturfotografie Z\u00fcrich\" \/>\n<meta property=\"og:description\" content=\"Melden Sie sich bei Ren\u00e9 und Dimitri D\u00fcrr, wenn Sie ihr Projekt dokumentieren und festhalten m\u00f6chten. Architekturfotografie schweizweit.\" \/>\n<meta property=\"og:url\" content=\"https:\/\/www.reneduerr.ch\/index.php\/kontakt\/\" \/>\n<meta property=\"og:site_name\" content=\"Ren\u00e9 D\u00fcrr Architekturfotografie Z\u00fcrich\" \/>\n<meta property=\"article:modified_time\" content=\"2026-04-15T08:12:13+00:00\" \/>\n<meta name=\"twitter:card\" content=\"summary_large_image\" \/>\n<meta name=\"twitter:label1\" content=\"Gesch\u00e4tzte Lesezeit\" \/>\n\t<meta name=\"twitter:data1\" content=\"1\u00a0Minute\" \/>\n<script type=\"application\/ld+json\" class=\"yoast-schema-graph\">{\"@context\":\"https:\/\/schema.org\",\"@graph\":[{\"@type\":\"WebPage\",\"@id\":\"https:\/\/www.reneduerr.ch\/index.php\/kontakt\/\",\"url\":\"https:\/\/www.reneduerr.ch\/index.php\/kontakt\/\",\"name\":\"Kontakt - Ren\u00e9 D\u00fcrr Architekturfotografie Z\u00fcrich\",\"isPartOf\":{\"@id\":\"https:\/\/www.reneduerr.ch\/#website\"},\"datePublished\":\"2014-07-09T08:24:53+00:00\",\"dateModified\":\"2026-04-15T08:12:13+00:00\",\"description\":\"Melden Sie sich bei Ren\u00e9 und Dimitri D\u00fcrr, wenn Sie ihr Projekt dokumentieren und festhalten m\u00f6chten. Architekturfotografie schweizweit.\",\"breadcrumb\":{\"@id\":\"https:\/\/www.reneduerr.ch\/index.php\/kontakt\/#breadcrumb\"},\"inLanguage\":\"de\",\"potentialAction\":[{\"@type\":\"ReadAction\",\"target\":[\"https:\/\/www.reneduerr.ch\/index.php\/kontakt\/\"]}]},{\"@type\":\"BreadcrumbList\",\"@id\":\"https:\/\/www.reneduerr.ch\/index.php\/kontakt\/#breadcrumb\",\"itemListElement\":[{\"@type\":\"ListItem\",\"position\":1,\"name\":\"Home\",\"item\":\"https:\/\/www.reneduerr.ch\/\"},{\"@type\":\"ListItem\",\"position\":2,\"name\":\"Kontakt\"}]},{\"@type\":\"WebSite\",\"@id\":\"https:\/\/www.reneduerr.ch\/#website\",\"url\":\"https:\/\/www.reneduerr.ch\/\",\"name\":\"Ren\u00e9 D\u00fcrr Architekturfotografie Z\u00fcrich\",\"description\":\"\",\"publisher\":{\"@id\":\"https:\/\/www.reneduerr.ch\/#\/schema\/person\/e970ba412186da947f0820389e4deb11\"},\"potentialAction\":[{\"@type\":\"SearchAction\",\"target\":{\"@type\":\"EntryPoint\",\"urlTemplate\":\"https:\/\/www.reneduerr.ch\/?s={search_term_string}\"},\"query-input\":{\"@type\":\"PropertyValueSpecification\",\"valueRequired\":true,\"valueName\":\"search_term_string\"}}],\"inLanguage\":\"de\"},{\"@type\":[\"Person\",\"Organization\"],\"@id\":\"https:\/\/www.reneduerr.ch\/#\/schema\/person\/e970ba412186da947f0820389e4deb11\",\"name\":\"rene\",\"image\":{\"@type\":\"ImageObject\",\"inLanguage\":\"de\",\"@id\":\"https:\/\/www.reneduerr.ch\/#\/schema\/person\/image\/\",\"url\":\"https:\/\/www.reneduerr.ch\/wp-content\/uploads\/2023\/03\/Duerr-Logo.png\",\"contentUrl\":\"https:\/\/www.reneduerr.ch\/wp-content\/uploads\/2023\/03\/Duerr-Logo.png\",\"width\":119,\"height\":105,\"caption\":\"rene\"},\"logo\":{\"@id\":\"https:\/\/www.reneduerr.ch\/#\/schema\/person\/image\/\"}}]}<\/script>\n<!-- \/ Yoast SEO plugin. -->","yoast_head_json":{"title":"Kontakt - Ren\u00e9 D\u00fcrr Architekturfotografie Z\u00fcrich","description":"Melden Sie sich bei Ren\u00e9 und Dimitri D\u00fcrr, wenn Sie ihr Projekt dokumentieren und festhalten m\u00f6chten. Architekturfotografie schweizweit.","robots":{"index":"index","follow":"nofollow","max-snippet":"max-snippet:-1","max-image-preview":"max-image-preview:large","max-video-preview":"max-video-preview:-1"},"canonical":"https:\/\/www.reneduerr.ch\/index.php\/kontakt\/","og_locale":"de_DE","og_type":"article","og_title":"Kontakt - Ren\u00e9 D\u00fcrr Architekturfotografie Z\u00fcrich","og_description":"Melden Sie sich bei Ren\u00e9 und Dimitri D\u00fcrr, wenn Sie ihr Projekt dokumentieren und festhalten m\u00f6chten. Architekturfotografie schweizweit.","og_url":"https:\/\/www.reneduerr.ch\/index.php\/kontakt\/","og_site_name":"Ren\u00e9 D\u00fcrr Architekturfotografie Z\u00fcrich","article_modified_time":"2026-04-15T08:12:13+00:00","twitter_card":"summary_large_image","twitter_misc":{"Gesch\u00e4tzte Lesezeit":"1\u00a0Minute"},"schema":{"@context":"https:\/\/schema.org","@graph":[{"@type":"WebPage","@id":"https:\/\/www.reneduerr.ch\/index.php\/kontakt\/","url":"https:\/\/www.reneduerr.ch\/index.php\/kontakt\/","name":"Kontakt - Ren\u00e9 D\u00fcrr Architekturfotografie Z\u00fcrich","isPartOf":{"@id":"https:\/\/www.reneduerr.ch\/#website"},"datePublished":"2014-07-09T08:24:53+00:00","dateModified":"2026-04-15T08:12:13+00:00","description":"Melden Sie sich bei Ren\u00e9 und Dimitri D\u00fcrr, wenn Sie ihr Projekt dokumentieren und festhalten m\u00f6chten. Architekturfotografie schweizweit.","breadcrumb":{"@id":"https:\/\/www.reneduerr.ch\/index.php\/kontakt\/#breadcrumb"},"inLanguage":"de","potentialAction":[{"@type":"ReadAction","target":["https:\/\/www.reneduerr.ch\/index.php\/kontakt\/"]}]},{"@type":"BreadcrumbList","@id":"https:\/\/www.reneduerr.ch\/index.php\/kontakt\/#breadcrumb","itemListElement":[{"@type":"ListItem","position":1,"name":"Home","item":"https:\/\/www.reneduerr.ch\/"},{"@type":"ListItem","position":2,"name":"Kontakt"}]},{"@type":"WebSite","@id":"https:\/\/www.reneduerr.ch\/#website","url":"https:\/\/www.reneduerr.ch\/","name":"Ren\u00e9 D\u00fcrr Architekturfotografie Z\u00fcrich","description":"","publisher":{"@id":"https:\/\/www.reneduerr.ch\/#\/schema\/person\/e970ba412186da947f0820389e4deb11"},"potentialAction":[{"@type":"SearchAction","target":{"@type":"EntryPoint","urlTemplate":"https:\/\/www.reneduerr.ch\/?s={search_term_string}"},"query-input":{"@type":"PropertyValueSpecification","valueRequired":true,"valueName":"search_term_string"}}],"inLanguage":"de"},{"@type":["Person","Organization"],"@id":"https:\/\/www.reneduerr.ch\/#\/schema\/person\/e970ba412186da947f0820389e4deb11","name":"rene","image":{"@type":"ImageObject","inLanguage":"de","@id":"https:\/\/www.reneduerr.ch\/#\/schema\/person\/image\/","url":"https:\/\/www.reneduerr.ch\/wp-content\/uploads\/2023\/03\/Duerr-Logo.png","contentUrl":"https:\/\/www.reneduerr.ch\/wp-content\/uploads\/2023\/03\/Duerr-Logo.png","width":119,"height":105,"caption":"rene"},"logo":{"@id":"https:\/\/www.reneduerr.ch\/#\/schema\/person\/image\/"}}]}},"_links":{"self":[{"href":"https:\/\/www.reneduerr.ch\/index.php\/wp-json\/wp\/v2\/pages\/20","targetHints":{"allow":["GET"]}}],"collection":[{"href":"https:\/\/www.reneduerr.ch\/index.php\/wp-json\/wp\/v2\/pages"}],"about":[{"href":"https:\/\/www.reneduerr.ch\/index.php\/wp-json\/wp\/v2\/types\/page"}],"author":[{"embeddable":true,"href":"https:\/\/www.reneduerr.ch\/index.php\/wp-json\/wp\/v2\/users\/1"}],"replies":[{"embeddable":true,"href":"https:\/\/www.reneduerr.ch\/index.php\/wp-json\/wp\/v2\/comments?post=20"}],"version-history":[{"count":1,"href":"https:\/\/www.reneduerr.ch\/index.php\/wp-json\/wp\/v2\/pages\/20\/revisions"}],"predecessor-version":[{"id":5023,"href":"https:\/\/www.reneduerr.ch\/index.php\/wp-json\/wp\/v2\/pages\/20\/revisions\/5023"}],"wp:attachment":[{"href":"https:\/\/www.reneduerr.ch\/index.php\/wp-json\/wp\/v2\/media?parent=20"}],"curies":[{"name":"wp","href":"https:\/\/api.w.org\/{rel}","templated":true}]}}